{"id":58,"date":"2018-03-22T12:43:12","date_gmt":"2018-03-22T12:43:12","guid":{"rendered":"http:\/\/bizlawyer.com.vn\/?page_id=58"},"modified":"2023-10-12T15:05:40","modified_gmt":"2023-10-12T15:05:40","slug":"lien-he","status":"publish","type":"page","link":"https:\/\/bizlawyer.vn\/vi\/lien-he","title":{"rendered":"Li\u00ean h\u1ec7"},"content":{"rendered":"<p>Qu\u00fd v\u1ecb c\u00f3 th\u1ec3 g\u1eedi c\u00e1c Y\u00eau c\u1ea7u d\u1ecbch v\u1ee5, \u0110\u1ec1 xu\u1ea5t h\u1ee3p t\u00e1c hay G\u00f3p \u00fd. vui l\u00f2ng \u0111i\u1ec1n \u0111\u1ea7y \u0111\u1ee7 c\u00e1c th\u00f4ng tin nh\u01b0 y\u00eau c\u1ea7u t\u1ea1i B\u1ea3ng d\u01b0\u1edbi \u0111\u00e2y, ch\u00fang t\u00f4i s\u1ebd xem x\u00e9t v\u00e0 tr\u1ea3 l\u1eddi Qu\u00fd v\u1ecb trong th\u1eddi gian s\u1edbm nh\u1ea5t.<\/p>\n","protected":false},"excerpt":{"rendered":"<p>Qu\u00fd v\u1ecb c\u00f3 th\u1ec3 g\u1eedi c\u00e1c Y\u00eau c\u1ea7u d\u1ecbch v\u1ee5, \u0110\u1ec1 xu\u1ea5t h\u1ee3p t\u00e1c hay G\u00f3p \u00fd. vui l\u00f2ng \u0111i\u1ec1n \u0111\u1ea7y \u0111\u1ee7 c\u00e1c th\u00f4ng tin nh\u01b0 y\u00eau c\u1ea7u t\u1ea1i B\u1ea3ng d\u01b0\u1edbi \u0111\u00e2y, ch\u00fang t\u00f4i s\u1ebd xem x\u00e9t v\u00e0 tr\u1ea3 l\u1eddi Qu\u00fd v\u1ecb trong th\u1eddi gian s\u1edbm nh\u1ea5t.<\/p>\n","protected":false},"author":1,"featured_media":0,"parent":0,"menu_order":0,"comment_status":"closed","ping_status":"closed","template":"templates\/contact.php","meta":{"footnotes":""},"class_list":["post-58","page","type-page","status-publish","hentry"],"_links":{"self":[{"href":"https:\/\/bizlawyer.vn\/vi\/wp-json\/wp\/v2\/pages\/58","targetHints":{"allow":["GET"]}}],"collection":[{"href":"https:\/\/bizlawyer.vn\/vi\/wp-json\/wp\/v2\/pages"}],"about":[{"href":"https:\/\/bizlawyer.vn\/vi\/wp-json\/wp\/v2\/types\/page"}],"author":[{"embeddable":true,"href":"https:\/\/bizlawyer.vn\/vi\/wp-json\/wp\/v2\/users\/1"}],"replies":[{"embeddable":true,"href":"https:\/\/bizlawyer.vn\/vi\/wp-json\/wp\/v2\/comments?post=58"}],"version-history":[{"count":0,"href":"https:\/\/bizlawyer.vn\/vi\/wp-json\/wp\/v2\/pages\/58\/revisions"}],"wp:attachment":[{"href":"https:\/\/bizlawyer.vn\/vi\/wp-json\/wp\/v2\/media?parent=58"}],"curies":[{"name":"wp","href":"https:\/\/api.w.org\/{rel}","templated":true}]}}