{"id":29,"date":"2018-03-18T20:27:59","date_gmt":"2018-03-18T20:27:59","guid":{"rendered":"http:\/\/bizlawyer.com.vn\/?page_id=29"},"modified":"2023-10-13T12:26:38","modified_gmt":"2023-10-13T12:26:38","slug":"gioi-thieu","status":"publish","type":"page","link":"https:\/\/bizlawyer.vn\/vi\/gioi-thieu","title":{"rendered":"Gi\u1edbi thi\u1ec7u"},"content":{"rendered":"<div>C\u00d4NG TY LU\u1eacT TNHH BIZLAWYER &amp; PARTNERS (BIZLAWYER) l\u00e0 m\u1ed9t c\u00f4ng ty lu\u1eadt uy t\u00edn h\u00e0ng \u0111\u1ea7u Vi\u1ec7t Nam.<\/div>\n<div>BIZLAWYER mang \u0111\u1ebfn cho kh\u00e1ch h\u00e0ng l\u00e0 Doanh nghi\u1ec7p v\u00e0 Nh\u00e0 \u0111\u1ea7u t\u01b0 d\u1ecbch v\u1ee5 t\u01b0 v\u1ea5n ph\u00e1p lu\u1eadt to\u00e0n di\u1ec7n, xuy\u00ean su\u1ed1t trong qu\u00e1 tr\u00ecnh h\u00ecnh th\u00e0nh v\u00e0 ph\u00e1t tri\u1ec3n; t\u1eeb t\u01b0 v\u1ea5n l\u1eadp d\u1ef1 \u00e1n, c\u1ea5u tr\u00fac t\u1ed5 ch\u1ee9c doanh nghi\u1ec7p cho \u0111\u1ebfn c\u00e1c ho\u1ea1t \u0111\u1ed9ng s\u1ea3n xu\u1ea5t, th\u01b0\u01a1ng m\u1ea1i, h\u1ee3p t\u00e1c kinh doanh; t\u01b0 v\u1ea5n v\u00e0 h\u1ed7 tr\u1ee3 ph\u00e1p l\u00fd trong l\u0129nh v\u1ef1c thu\u1ebf, t\u00e0i ch\u00ednh, h\u1ea3i quan; \u0111\u1ea1i di\u1ec7n tranh t\u1ee5ng.<\/div>\n<div>V\u1edbi s\u1ef1 h\u1ed9i t\u1ee5 nh\u1eefng lu\u1eadt s\u01b0, chuy\u00ean gia t\u01b0 v\u1ea5n h\u00e0ng \u0111\u1ea7u v\u1ec1 c\u00e1c v\u1ea5n \u0111\u1ec1 ph\u00e1p l\u00fd c\u1ee7a Doanh nghi\u1ec7p v\u00e0 Nh\u00e0 \u0111\u1ea7u t\u01b0, BIZLAWYER \u0111\u00e3 t\u01b0 v\u1ea5n v\u00e0 gi\u1ea3i quy\u1ebft th\u00e0nh c\u00f4ng r\u1ea5t nhi\u1ec1u s\u1ef1 v\u1ee5; tr\u1edf th\u00e0nh \u0111i\u1ec3m t\u1ef1a ph\u00e1p l\u00fd v\u1eefng ch\u1eafc cho r\u1ea5t nhi\u1ec1u kh\u00e1ch h\u00e0ng trong v\u00e0 ngo\u00e0i n\u01b0\u1edbc.<\/div>\n<div><\/div>\n<div><strong>T\u1ea7m nh\u00ecn:<\/strong><\/div>\n<div>Tr\u1edf th\u00e0nh h\u00e3ng lu\u1eadt h\u00e0ng \u0111\u1ea7u Vi\u1ec7t Nam, c\u00f3 v\u1ecb th\u1ebf trong khu v\u1ef1c v\u00e0 tr\u00ean th\u1ebf gi\u1edbi.<\/div>\n<div><strong>S\u1ee9 m\u1ec7nh:<\/strong><\/div>\n<div>Gi\u1eef v\u1eefng vai tr\u00f2 m\u1ed9t \u0111i\u1ec3m t\u1ef1a ph\u00e1p l\u00fd v\u1eefng ch\u1eafc, \u0111\u1ea3m b\u1ea3o v\u00e0 ph\u00e1t huy t\u1ed1i \u0111a quy\u1ec1n l\u1ee3i c\u1ee7a kh\u00e1ch h\u00e0ng; g\u00f3p ph\u1ea7n t\u1ea1o n\u00ean nh\u1eefng gi\u00e1 tr\u1ecb t\u1ed1t \u0111\u1eb9p cho x\u00e3 h\u1ed9i.<\/div>\n<div><strong>Gi\u00e1 tr\u1ecb c\u1ed1t l\u00f5i:<\/strong><\/div>\n<div>Bizlawyer gi\u1eef T\u00cdN l\u00e0m ti\u1ec1n \u0111\u1ec1 t\u1ed3n t\u1ea1i, coi HI\u1ec6U QU\u1ea2 l\u00e0 nguy\u00ean t\u1eafc \u0111\u1ed3ng h\u00e0nh, d\u00f9ng TR\u00cd l\u00e0m n\u00ean gi\u00e1 tr\u1ecb th\u00e0nh c\u00f4ng v\u00e0 l\u1ea5y T\u00c2M l\u00e0 n\u1ec1n t\u1ea3ng trong m\u1ecdi ho\u1ea1t \u0111\u1ed9ng.<\/div>\n<div><\/div>\n<div><strong>D\u1ecaCH V\u1ee4 PH\u00c1P L\u00dd \u0110\u01af\u1ee2C CUNG C\u1ea4P B\u1edeI BIZLAWYER:<\/strong><\/div>\n<div>T\u01b0 v\u1ea5n, h\u1ed7 tr\u1ee3 v\u00e0 \u0111\u1ea1i di\u1ec7n th\u1ef1c hi\u1ec7n c\u00e1c th\u1ee7 t\u1ee5c ph\u00e1p l\u00fd cho Doanh nghi\u1ec7p, Nh\u00e0 \u0111\u1ea7u t\u01b0, Ng\u01b0\u1eddi n\u01b0\u1edbc ngo\u00e0i; th\u1ef1c hi\u1ec7n th\u1ee7 t\u1ee5c \u0111\u1ed1i v\u1edbi c\u00e1c lo\u1ea1i gi\u1ea5y ph\u00e9p, l\u0129nh v\u1ef1c s\u1edf h\u1eefu tr\u00ed tu\u1ec7; ph\u00e2n ph\u1ed1i s\u1ea3n ph\u1ea9m;<\/div>\n<div>T\u01b0 v\u1ea5n, h\u1ed7 tr\u1ee3 ph\u00e1p l\u00fd cho c\u00e1c Doanh nghi\u1ec7p, Nh\u00e0 \u0111\u1ea7u t\u01b0 cho to\u00e0n b\u1ed9 qu\u00e1 tr\u00ecnh t\u1eeb sau khi th\u00e0nh l\u1eadp, ho\u1ea1t \u0111\u1ed9ng kinh doanh, s\u1ea3n xu\u1ea5t v\u00e0 c\u00e1c ho\u1ea1t \u0111\u1ed9ng ph\u00e1t sinh, nh\u01b0: Ho\u1ea1t \u0111\u1ed9ng c\u1ea5u tr\u00fac, t\u1ed5 ch\u1ee9c doanh nghi\u1ec7p; Ho\u1ea1t \u0111\u1ed9ng thu\u1ebf; t\u00e0i ch\u00ednh; ng\u00e2n h\u00e0ng; Lao \u0111\u1ed9ng; s\u1ea3n xu\u1ea5t, th\u01b0\u01a1ng m\u1ea1i; H\u1ee3p \u0111\u1ed3ng; ho\u1ea1t \u0111\u1ed9ng h\u1ee3p t\u00e1c \u0111\u1ea7u t\u01b0 kinh doanh; L\u0129nh v\u1ef1c b\u1ea5t \u0111\u1ed9ng s\u1ea3n, x\u00e2y d\u1ef1ng; L\u0129nh v\u1ef1c xu\u1ea5t nh\u1eadp kh\u1ea9u, h\u1ea3i quan;<\/div>\n<div>\u0110\u1ea1i di\u1ec7n ngo\u00e0i t\u1ed1 t\u1ee5ng.<\/div>\n<div>Tham gia tranh t\u1ee5ng t\u1ea1i t\u00f2a \u00e1n, tr\u1ecdng t\u00e0i \u0111\u1ec3 b\u1ea3o v\u1ec7 quy\u1ec1n, l\u1ee3i \u00edch h\u1ee3p ph\u00e1p cho kh\u00e1ch h\u00e0ng.<\/div>\n<div><\/div>\n<div><strong>Li\u00ean h\u1ec7 y\u00eau c\u1ea7u d\u1ecbch v\u1ee5:<\/strong><\/div>\n<div>BIZLAWYER &amp; PARTNERS LAW COMPANY LIMITED<\/div>\n<div>Tr\u1ee5 s\u1edf: S\u1ed1 04, ng\u00f5 10, ph\u1ed1 L\u01b0u Quang V\u0169, t\u1ed5 26, ph\u01b0\u1eddng Trung H\u00f2a, qu\u1eadn C\u1ea7u Gi\u1ea5y, H\u00e0 N\u1ed9i.<br \/>\nChi nh\u00e1nh \u0110\u00e0 N\u1eb5ng: Ph\u00f2ng 1703, t\u1ea7ng 17 t\u00f2a nh\u00e0 Th\u00e0nh L\u1ee3i 1, s\u1ed1 249 \u0111\u01b0\u1eddng Nguy\u1ec5n V\u0103n Linh, ph\u01b0\u1eddng V\u0129nh Trung, qu\u1eadn Thanh Kh\u00ea, th\u00e0nh ph\u1ed1 \u0110\u00e0 N\u1eb5ng.<br \/>\nChi nh\u00e1nh TP H\u1ed3 Ch\u00ed Minh: T\u1ea7ng 3, to\u00e0 nh\u00e0 LTA, s\u1ed1 15 \u0111\u01b0\u1eddng \u0110\u1ed1ng \u0110a, ph\u01b0\u1eddng 2, qu\u1eadn T\u00e2n B\u00ecnh, Th\u00e0nh ph\u1ed1 H\u1ed3 Ch\u00ed Minh.<\/div>\n<div>\u0110i\u1ec7n tho\u1ea1i: (+84) 24 3969 0505 \u00a0 \u00a0 Hotline: (+84) 86 888 1900<\/div>\n<div>E-mail: info@bizlawyer.vn<\/div>\n<div>Tr\u00e2n tr\u1ecdng c\u1ea3m \u01a1n qu\u00fd kh\u00e1ch h\u00e0ng!<\/div>\n","protected":false},"excerpt":{"rendered":"<p>C\u00d4NG TY LU\u1eacT TNHH BIZLAWYER &amp; PARTNERS (BIZLAWYER) l\u00e0 m\u1ed9t c\u00f4ng ty lu\u1eadt uy t\u00edn h\u00e0ng \u0111\u1ea7u Vi\u1ec7t Nam. BIZLAWYER mang \u0111\u1ebfn cho kh\u00e1ch h\u00e0ng l\u00e0 Doanh nghi\u1ec7p v\u00e0 Nh\u00e0 \u0111\u1ea7u t\u01b0 d\u1ecbch v\u1ee5 t\u01b0 v\u1ea5n ph\u00e1p lu\u1eadt to\u00e0n di\u1ec7n, xuy\u00ean su\u1ed1t trong qu\u00e1 tr\u00ecnh h\u00ecnh th\u00e0nh v\u00e0 ph\u00e1t tri\u1ec3n; t\u1eeb t\u01b0 v\u1ea5n l\u1eadp d\u1ef1 [&hellip;]<\/p>\n","protected":false},"author":1,"featured_media":0,"parent":0,"menu_order":0,"comment_status":"closed","ping_status":"closed","template":"templates\/about-us.php","meta":{"footnotes":""},"class_list":["post-29","page","type-page","status-publish","hentry"],"_links":{"self":[{"href":"https:\/\/bizlawyer.vn\/vi\/wp-json\/wp\/v2\/pages\/29","targetHints":{"allow":["GET"]}}],"collection":[{"href":"https:\/\/bizlawyer.vn\/vi\/wp-json\/wp\/v2\/pages"}],"about":[{"href":"https:\/\/bizlawyer.vn\/vi\/wp-json\/wp\/v2\/types\/page"}],"author":[{"embeddable":true,"href":"https:\/\/bizlawyer.vn\/vi\/wp-json\/wp\/v2\/users\/1"}],"replies":[{"embeddable":true,"href":"https:\/\/bizlawyer.vn\/vi\/wp-json\/wp\/v2\/comments?post=29"}],"version-history":[{"count":0,"href":"https:\/\/bizlawyer.vn\/vi\/wp-json\/wp\/v2\/pages\/29\/revisions"}],"wp:attachment":[{"href":"https:\/\/bizlawyer.vn\/vi\/wp-json\/wp\/v2\/media?parent=29"}],"curies":[{"name":"wp","href":"https:\/\/api.w.org\/{rel}","templated":true}]}}