{"id":2,"date":"2017-08-31T08:08:32","date_gmt":"2017-08-31T08:08:32","guid":{"rendered":"http:\/\/demo.lethanhtinh.com\/data\/?page_id=2"},"modified":"2025-10-09T09:59:17","modified_gmt":"2025-10-09T09:59:17","slug":"sample-page","status":"publish","type":"page","link":"https:\/\/bizlawyer.vn\/vi","title":{"rendered":"Trang ch\u1ee7"},"content":{"rendered":"<p>BIZLAWYER mang \u0111\u1ebfn cho kh\u00e1ch h\u00e0ng l\u00e0 Doanh nghi\u1ec7p v\u00e0 Nh\u00e0 \u0111\u1ea7u t\u01b0 d\u1ecbch v\u1ee5 t\u01b0 v\u1ea5n ph\u00e1p lu\u1eadt to\u00e0n di\u1ec7n, xuy\u00ean su\u1ed1t trong qu\u00e1 tr\u00ecnh h\u00ecnh th\u00e0nh v\u00e0 ph\u00e1t tri\u1ec3n; t\u1eeb t\u01b0 v\u1ea5n l\u1eadp d\u1ef1 \u00e1n, c\u1ea5u tr\u00fac t\u1ed5 ch\u1ee9c doanh nghi\u1ec7p cho \u0111\u1ebfn c\u00e1c ho\u1ea1t \u0111\u1ed9ng s\u1ea3n xu\u1ea5t, th\u01b0\u01a1ng m\u1ea1i, h\u1ee3p t\u00e1c kinh doanh; t\u01b0 v\u1ea5n v\u00e0 h\u1ed7 tr\u1ee3 ph\u00e1p l\u00fd trong l\u0129nh v\u1ef1c thu\u1ebf, t\u00e0i ch\u00ednh, h\u1ea3i quan; \u0111\u1ea1i di\u1ec7n tranh t\u1ee5ng.<\/p>\n<p>&nbsp;<\/p>\n<p>V\u1edbi s\u1ef1 h\u1ed9i t\u1ee5 nh\u1eefng lu\u1eadt s\u01b0, chuy\u00ean gia t\u01b0 v\u1ea5n h\u00e0ng \u0111\u1ea7u v\u1ec1 c\u00e1c v\u1ea5n \u0111\u1ec1 ph\u00e1p l\u00fd c\u1ee7a Doanh nghi\u1ec7p v\u00e0 Nh\u00e0 \u0111\u1ea7u t\u01b0, BIZLAWYER \u0111\u00e3 t\u01b0 v\u1ea5n v\u00e0 gi\u1ea3i quy\u1ebft th\u00e0nh c\u00f4ng r\u1ea5t nhi\u1ec1u s\u1ef1 v\u1ee5; tr\u1edf th\u00e0nh \u0111i\u1ec3m t\u1ef1a ph\u00e1p l\u00fd v\u1eefng ch\u1eafc cho r\u1ea5t nhi\u1ec1u kh\u00e1ch h\u00e0ng trong v\u00e0 ngo\u00e0i n\u01b0\u1edbc.<\/p>\n<div id=\"eJOY__extension_root\" class=\"eJOY__extension_root_class\" style=\"all: unset;\"><\/div>\n","protected":false},"excerpt":{"rendered":"<p>BIZLAWYER mang \u0111\u1ebfn cho kh\u00e1ch h\u00e0ng l\u00e0 Doanh nghi\u1ec7p v\u00e0 Nh\u00e0 \u0111\u1ea7u t\u01b0 d\u1ecbch v\u1ee5 t\u01b0 v\u1ea5n ph\u00e1p lu\u1eadt to\u00e0n di\u1ec7n, xuy\u00ean su\u1ed1t trong qu\u00e1 tr\u00ecnh h\u00ecnh th\u00e0nh v\u00e0 ph\u00e1t tri\u1ec3n; t\u1eeb t\u01b0 v\u1ea5n l\u1eadp d\u1ef1 \u00e1n, c\u1ea5u tr\u00fac t\u1ed5 ch\u1ee9c doanh nghi\u1ec7p cho \u0111\u1ebfn c\u00e1c ho\u1ea1t \u0111\u1ed9ng s\u1ea3n xu\u1ea5t, th\u01b0\u01a1ng m\u1ea1i, h\u1ee3p t\u00e1c kinh [&hellip;]<\/p>\n","protected":false},"author":1,"featured_media":0,"parent":0,"menu_order":0,"comment_status":"closed","ping_status":"closed","template":"templates\/template.home.php","meta":{"footnotes":""},"class_list":["post-2","page","type-page","status-publish","hentry"],"_links":{"self":[{"href":"https:\/\/bizlawyer.vn\/vi\/wp-json\/wp\/v2\/pages\/2","targetHints":{"allow":["GET"]}}],"collection":[{"href":"https:\/\/bizlawyer.vn\/vi\/wp-json\/wp\/v2\/pages"}],"about":[{"href":"https:\/\/bizlawyer.vn\/vi\/wp-json\/wp\/v2\/types\/page"}],"author":[{"embeddable":true,"href":"https:\/\/bizlawyer.vn\/vi\/wp-json\/wp\/v2\/users\/1"}],"replies":[{"embeddable":true,"href":"https:\/\/bizlawyer.vn\/vi\/wp-json\/wp\/v2\/comments?post=2"}],"version-history":[{"count":0,"href":"https:\/\/bizlawyer.vn\/vi\/wp-json\/wp\/v2\/pages\/2\/revisions"}],"wp:attachment":[{"href":"https:\/\/bizlawyer.vn\/vi\/wp-json\/wp\/v2\/media?parent=2"}],"curies":[{"name":"wp","href":"https:\/\/api.w.org\/{rel}","templated":true}]}}